{"id":231,"date":"2015-10-21T23:22:41","date_gmt":"2015-10-21T21:22:41","guid":{"rendered":"http:\/\/themes.loc\/workscout\/jobs\/"},"modified":"2017-08-23T17:49:23","modified_gmt":"2017-08-23T17:49:23","slug":"browse-jobs","status":"publish","type":"page","link":"https:\/\/coparmextijuana.org\/bolsadetrabajo\/browse-jobs\/","title":{"rendered":"Ver Vacantes"},"content":{"rendered":"<div class=\"job_listings\" data-location=\"\" data-keywords=\"\" data-show_filters=\"true\" data-show_pagination=\"true\" data-per_page=\"10\" data-orderby=\"featured\" data-order=\"DESC\" data-categories=\"\" >\n<form class=\"job_filters\">\n\t\n\t<div class=\"search_jobs\">\n\t\t\n\t\t<div class=\"search_keywords\">\n\t\t\t<label for=\"search_keywords\">Palabras clave<\/label>\n\t\t\t<input type=\"text\" name=\"search_keywords\" id=\"search_keywords\" placeholder=\"Palabras clave\" value=\"\" \/>\n\t\t<\/div>\n\n\t\t<div class=\"search_location\">\n\t\t\t<label for=\"search_location\">Ubicaci\u00f3n<\/label>\n\t\t\t<input type=\"text\" name=\"search_location\" id=\"search_location\" placeholder=\"Ubicaci\u00f3n\" value=\"\" \/>\n\t\t<\/div>\n\n\t\t\t\t\t<div class=\"search_remote_position\">\n\t\t\t\t<input type=\"checkbox\" class=\"input-checkbox\" name=\"remote_position\" id=\"remote_position\" placeholder=\"Ubicaci\u00f3n\" value=\"1\"  \/>\n\t\t\t\t<label for=\"remote_position\" id=\"remote_position_label\">Solo puestos en remoto<\/label>\n\t\t\t<\/div>\n\t\t\n\t\t<div style=\"clear: both\"><\/div>\n\n\t\t\t\t\t<div class=\"search_categories\">\n\t\t\t\t<label for=\"search_categories\">Categor\u00eda<\/label>\n\t\t\t\t\t\t\t\t\t<select name='search_categories[]' id='search_categories' class='job-manager-category-dropdown ' multiple='multiple' data-placeholder='Elige una categor\u00eda&hellip;' data-no_results_text='No se han encontrado resultados' data-multiple_text='Elige alguna opci\u00f3n'>\n\t<option class=\"level-0\" value=\"74\">Administraci\u00f3n<\/option>\n\t<option class=\"level-0\" value=\"78\">Auditor\u00eda<\/option>\n\t<option class=\"level-0\" value=\"79\">Comercial<\/option>\n\t<option class=\"level-0\" value=\"80\">Compras<\/option>\n\t<option class=\"level-0\" value=\"85\">Contabilidad y Finanzas<\/option>\n\t<option class=\"level-0\" value=\"87\">Direcci\u00f3n<\/option>\n\t<option class=\"level-0\" value=\"88\">Dise\u00f1o\/Creatividad<\/option>\n\t<option class=\"level-0\" value=\"92\">Gerencia<\/option>\n\t<option class=\"level-0\" value=\"100\">Mercadotecnia<\/option>\n\t<option class=\"level-0\" value=\"105\">Recursos Humanos<\/option>\n\t<option class=\"level-0\" value=\"124\">Relaciones P\u00fablicas<\/option>\n\t<option class=\"level-0\" value=\"108\">T\u00e9cnicos<\/option>\n\t<option class=\"level-0\" value=\"110\">Ventas<\/option>\n<\/select>\n\t\t\t\t\t\t\t<\/div>\n\t\t\n\t\t\t\t\t<div class=\"search_submit\">\n\t\t\t\t<input type=\"submit\" value=\"Buscar trabajos\">\n\t\t\t<\/div>\n\t\t\n\t\t\t<\/div>\n\n\t\n\t<ul class=\"job_types checkboxes\">\n\t\t\t\t\t<li>\n\t\t\t\t<input type=\"checkbox\" name=\"filter_job_type[]\" value=\"liberacion-servicio-social\"  checked='checked' id=\"job_type_liberacion-servicio-social\" \/>\n\t\t\t\t<label for=\"job_type_liberacion-servicio-social\" class=\"liberacion-servicio-social\"> Liberaci\u00f3n Servicio Social<\/label>\n\t\t\t<\/li>\n\t\t\t\t\t<li>\n\t\t\t\t<input type=\"checkbox\" name=\"filter_job_type[]\" value=\"part-time\"  checked='checked' id=\"job_type_part-time\" \/>\n\t\t\t\t<label for=\"job_type_part-time\" class=\"medio-tiempo\"> Medio Tiempo<\/label>\n\t\t\t<\/li>\n\t\t\t\t\t<li>\n\t\t\t\t<input type=\"checkbox\" name=\"filter_job_type[]\" value=\"mixto\"  checked='checked' id=\"job_type_mixto\" \/>\n\t\t\t\t<label for=\"job_type_mixto\" class=\"mixto\"> Mixto<\/label>\n\t\t\t<\/li>\n\t\t\t\t\t<li>\n\t\t\t\t<input type=\"checkbox\" name=\"filter_job_type[]\" value=\"internship\"  checked='checked' id=\"job_type_internship\" \/>\n\t\t\t\t<label for=\"job_type_internship\" class=\"practicas-profesionales\"> Pr\u00e1cticas Profesionales<\/label>\n\t\t\t<\/li>\n\t\t\t\t\t<li>\n\t\t\t\t<input type=\"checkbox\" name=\"filter_job_type[]\" value=\"temporary\"  checked='checked' id=\"job_type_temporary\" \/>\n\t\t\t\t<label for=\"job_type_temporary\" class=\"temporal\"> Temporal<\/label>\n\t\t\t<\/li>\n\t\t\t\t\t<li>\n\t\t\t\t<input type=\"checkbox\" name=\"filter_job_type[]\" value=\"full-time\"  checked='checked' id=\"job_type_full-time\" \/>\n\t\t\t\t<label for=\"job_type_full-time\" class=\"tiempo-completo\"> Tiempo Completo<\/label>\n\t\t\t<\/li>\n\t\t\t<\/ul>\n\t<input type=\"hidden\" name=\"filter_job_type[]\" value=\"\" \/>\n<div class=\"showing_jobs\"><\/div><\/form>\n\n\n<noscript>Tu navegador no es compatible con JavaScript o est\u00e1 desactivado. JavaScript debe estar activado para poder ver las ofertas.<\/noscript>\n<ul class=\"job_listings job-list full\"><\/ul>\n<\/div>\n","protected":false},"excerpt":{"rendered":"Palabras clave Ubicaci\u00f3n Solo puestos en remoto Categor\u00eda Administraci\u00f3n Auditor\u00eda Comercial Compras Contabilidad y Finanzas Direcci\u00f3n Dise\u00f1o\/Creatividad Gerencia Mercadotecnia Recursos Humanos Relaciones P\u00fablicas T\u00e9cnicos Ventas Liberaci\u00f3n Servicio Social Medio Tiempo...","protected":false},"author":1,"featured_media":0,"parent":0,"menu_order":0,"comment_status":"closed","ping_status":"closed","template":"","meta":{"footnotes":""},"class_list":["post-231","page","type-page","status-publish","hentry"],"_links":{"self":[{"href":"https:\/\/coparmextijuana.org\/bolsadetrabajo\/wp-json\/wp\/v2\/pages\/231","targetHints":{"allow":["GET"]}}],"collection":[{"href":"https:\/\/coparmextijuana.org\/bolsadetrabajo\/wp-json\/wp\/v2\/pages"}],"about":[{"href":"https:\/\/coparmextijuana.org\/bolsadetrabajo\/wp-json\/wp\/v2\/types\/page"}],"author":[{"embeddable":true,"href":"https:\/\/coparmextijuana.org\/bolsadetrabajo\/wp-json\/wp\/v2\/users\/1"}],"replies":[{"embeddable":true,"href":"https:\/\/coparmextijuana.org\/bolsadetrabajo\/wp-json\/wp\/v2\/comments?post=231"}],"version-history":[{"count":2,"href":"https:\/\/coparmextijuana.org\/bolsadetrabajo\/wp-json\/wp\/v2\/pages\/231\/revisions"}],"predecessor-version":[{"id":374,"href":"https:\/\/coparmextijuana.org\/bolsadetrabajo\/wp-json\/wp\/v2\/pages\/231\/revisions\/374"}],"wp:attachment":[{"href":"https:\/\/coparmextijuana.org\/bolsadetrabajo\/wp-json\/wp\/v2\/media?parent=231"}],"curies":[{"name":"wp","href":"https:\/\/api.w.org\/{rel}","templated":true}]}}